{"id":687,"date":"2022-11-03T22:42:14","date_gmt":"2022-11-03T22:42:14","guid":{"rendered":"http:\/\/www.tamimiconsultancy.com\/development\/kariyer\/"},"modified":"2023-08-18T14:06:39","modified_gmt":"2023-08-18T14:06:39","slug":"kariyer","status":"publish","type":"page","link":"http:\/\/www.tamimiconsultancy.com\/development\/tr\/kariyer\/","title":{"rendered":"Kariyer"},"content":{"rendered":"\n\n<section class=\"content-block bgImg \" style=\"background-image: url(http:\/\/www.tamimiconsultancy.com\/development\/wp-content\/uploads\/2022\/11\/careers-page.jpg);\">\n\t<div class=\"container\">\n\t\t<div class=\"row flex\">\n\t\t\t<div class=\"cl-6\">\n\t\t\t\t \n\t\t\t<\/div>\n\t\t\t<div class=\"cl-5 mt-6 mb-6\">\n\t\t\t\t\t\t\t\t\t\t\t\t<h1 class=\"m-0 mb-1 animation-element slide-right\">Neden \r\nTamimi Consulting \r\n<\/h1>\n\t\t\t\t\t\t\t\t\t\t\t\t<div class=\"content animation-element slide-right\">\n\t\t\t\t\t<p>Tamimi Consulting, 2010&#8217;dan bu yana K\u00f6rfez \u00dclkeleri, Orta Do\u011fu, Do\u011fu Afrika, Avrupa ve Birle\u015fik Krall\u0131k&#8217;a odaklanarak uluslararas\u0131 ve yerel m\u00fc\u015fterilerine uluslararas\u0131 alanda b\u00fcy\u00fcmelerine yard\u0131mc\u0131 olan lider bir dan\u0131\u015fmanl\u0131k ve m\u00fc\u015favirlik firmas\u0131d\u0131r.<\/p>\n\t\t\t\t<\/div>\n\t\t\t\t\t\t\t\t\t\t\t<\/div>\n\t\t<\/div>\n\t<\/div>\n<\/section>\n\n\n\n\n\n<section class=\"career-content tamimi-ptn pr bg-grey tamimi-shape-i\">\n\t<div class=\"container\">\n\t\t<div class=\"row flex pt-4\">\n\t\t\t<div class=\"cl-12\">\n\t\t\t\t\t\t\t\t\t\t\t\t<h2 class=\"animation-element slide-left\">Bize kat\u0131lmak ister misin?<\/h2>\n\t\t\t\t\t\t\t\t\t\t\t\t<div class=\"animation-element slide-left\"><p>\u00c7al\u0131\u015fanlar\u0131m\u0131z i\u00e7in s\u00fcrekli geli\u015fimi hedefliyor, deneyimimizi ve bilgimizi payla\u015f\u0131yoruz. Sizler de bu deneyimi bizimle payla\u015fmak i\u00e7in info@tamimiconsultancy.com adresi \u00fczerinden bizlerle \u00f6zge\u00e7mi\u015flerinizi payla\u015fabilir ve tak\u0131m\u0131m\u0131z\u0131n bir par\u00e7as\u0131 olabilirsiniz. <\/p>\n<\/div>\n\t\t\t\t\t\t\t<\/div>\n\t\t<\/div>\n\t\t<div class=\"row flex pb-4\">\n\t\t\t<div class=\"cl-12 animation-element slide-bottom\">\n\t\t\t\t<div role=\"form\" class=\"wpcf7\" id=\"wpcf7-f846-o1\" lang=\"tr-TR\" dir=\"ltr\">\n<div class=\"screen-reader-response\"><p role=\"status\" aria-live=\"polite\" aria-atomic=\"true\"><\/p> <ul><\/ul><\/div>\n<form action=\"\/development\/tr\/wp-json\/wp\/v2\/pages\/687#wpcf7-f846-o1\" method=\"post\" class=\"wpcf7-form init\" enctype=\"multipart\/form-data\" novalidate=\"novalidate\" data-status=\"init\">\n<div style=\"display: none;\">\n<input type=\"hidden\" name=\"_wpcf7\" value=\"846\" \/>\n<input type=\"hidden\" name=\"_wpcf7_version\" value=\"5.6.4\" \/>\n<input type=\"hidden\" name=\"_wpcf7_locale\" value=\"tr_TR\" \/>\n<input type=\"hidden\" name=\"_wpcf7_unit_tag\" value=\"wpcf7-f846-o1\" \/>\n<input type=\"hidden\" name=\"_wpcf7_container_post\" value=\"0\" \/>\n<input type=\"hidden\" name=\"_wpcf7_posted_data_hash\" value=\"\" \/>\n<input type=\"hidden\" name=\"_wpcf7_recaptcha_response\" value=\"\" \/>\n<\/div>\n<div class=\"row flex mt-2\">\n<div class=\"cl-6\">\n<div class=\"contact-form-row mb-1\"><label><span class=\"wpcf7-form-control-wrap\" data-name=\"your-firstname\"><input type=\"text\" name=\"your-firstname\" value=\"\" size=\"40\" class=\"wpcf7-form-control wpcf7-text wpcf7-validates-as-required form-element shadow-md\" aria-required=\"true\" aria-invalid=\"false\" placeholder=\"Ad Soyad\" \/><\/span><\/label><\/div>\n<div class=\"contact-form-row\"><label><span class=\"wpcf7-form-control-wrap\" data-name=\"your-email\"><input type=\"email\" name=\"your-email\" value=\"\" size=\"40\" class=\"wpcf7-form-control wpcf7-text wpcf7-email wpcf7-validates-as-required wpcf7-validates-as-email form-element shadow-md\" aria-required=\"true\" aria-invalid=\"false\" placeholder=\"E-mail adresiniz\" \/><\/span><\/label><\/div>\n<\/div>\n<div class=\"cl-6\">\n<div class=\"contact-form-row mb-1\"><label><span class=\"wpcf7-form-control-wrap your-phone\"><input type=\"text\" name=\"your-phone\" value=\"\" size=\"40\" class=\"wpcf7-form-control wpcf7-text wpcf7-phonetext form-element shadow-md\" aria-invalid=\"false\" \/><input type=\"hidden\" name=\"your-phone-country-code\" class=\"wpcf7-phonetext-country-code\" \/><\/span><\/label><\/div>\n<div class=\"contact-form-row\"><label><span class=\"wpcf7-form-control-wrap\" data-name=\"your-lastname\"><input type=\"text\" name=\"your-lastname\" value=\"\" size=\"40\" class=\"wpcf7-form-control wpcf7-text wpcf7-validates-as-required form-element shadow-md\" aria-required=\"true\" aria-invalid=\"false\" placeholder=\"Mesaj\u0131n\u0131z\" \/><\/span><\/label><\/div>\n<\/div>\n<\/div>\n<div class=\"row flex mt-2 align-i-center\">\n<div class=\"cl-6\">\n<\/div>\n<div class=\"cl-6\">\n<span class=\"small-text\">CV y\u00fckle<\/span>\n<\/div>\n<\/div>\n<div class=\"row flex align-i-center\">\n<div class=\"cl-6\">\n<div class=\"contact-form-row form-acceptence\"><span class=\"wpcf7-form-control-wrap\" data-name=\"acceptance-278\"><span class=\"wpcf7-form-control wpcf7-acceptance optional\"><span class=\"wpcf7-list-item\"><label><input type=\"checkbox\" name=\"acceptance-278\" value=\"1\" aria-invalid=\"false\" \/><span class=\"wpcf7-list-item-label\">Ki\u015fisel Veri Koruma Bildirimini okudum ve kabul ettim.<\/span><\/label><\/span><\/span><\/span><\/div>\n<\/div>\n<div class=\"cl-6\">\n<span class=\"wpcf7-form-control-wrap\" data-name=\"your-cv\"><input type=\"file\" name=\"your-cv\" size=\"40\" class=\"wpcf7-form-control wpcf7-file upload mr-1\" accept=\".pdf,.doc,.docx\" aria-invalid=\"false\" \/><\/span> <input type=\"submit\" value=\"G\u00f6nder\" class=\"wpcf7-form-control has-spinner wpcf7-submit button\" \/>\n<\/div>\n<\/div>\n<div class=\"wpcf7-response-output\" aria-hidden=\"true\"><\/div><\/form><\/div>\t\t\t<\/div>\n\t\t<\/div>\n\t<\/div>\n<\/section>\n\n","protected":false},"excerpt":{"rendered":"<p>&#8230;<\/p>\n","protected":false},"author":1,"featured_media":0,"parent":0,"menu_order":0,"comment_status":"closed","ping_status":"closed","template":"","meta":{"inline_featured_image":false,"footnotes":""},"class_list":["post-687","page","type-page","status-publish","hentry"],"_links":{"self":[{"href":"http:\/\/www.tamimiconsultancy.com\/development\/tr\/wp-json\/wp\/v2\/pages\/687","targetHints":{"allow":["GET"]}}],"collection":[{"href":"http:\/\/www.tamimiconsultancy.com\/development\/tr\/wp-json\/wp\/v2\/pages"}],"about":[{"href":"http:\/\/www.tamimiconsultancy.com\/development\/tr\/wp-json\/wp\/v2\/types\/page"}],"author":[{"embeddable":true,"href":"http:\/\/www.tamimiconsultancy.com\/development\/tr\/wp-json\/wp\/v2\/users\/1"}],"replies":[{"embeddable":true,"href":"http:\/\/www.tamimiconsultancy.com\/development\/tr\/wp-json\/wp\/v2\/comments?post=687"}],"version-history":[{"count":7,"href":"http:\/\/www.tamimiconsultancy.com\/development\/tr\/wp-json\/wp\/v2\/pages\/687\/revisions"}],"predecessor-version":[{"id":1021,"href":"http:\/\/www.tamimiconsultancy.com\/development\/tr\/wp-json\/wp\/v2\/pages\/687\/revisions\/1021"}],"wp:attachment":[{"href":"http:\/\/www.tamimiconsultancy.com\/development\/tr\/wp-json\/wp\/v2\/media?parent=687"}],"curies":[{"name":"wp","href":"https:\/\/api.w.org\/{rel}","templated":true}]}}