{"id":18,"date":"2022-11-03T22:42:22","date_gmt":"2022-11-03T22:42:22","guid":{"rendered":"https:\/\/madebycat.com\/dev\/tamimi\/?page_id=18"},"modified":"2023-08-25T11:08:58","modified_gmt":"2023-08-25T11:08:58","slug":"contact-us","status":"publish","type":"page","link":"http:\/\/www.tamimiconsultancy.com\/development\/contact-us\/","title":{"rendered":"Contact  Us"},"content":{"rendered":"\n\n<section class=\"mt-4 contact-page-content pr tamimi-circles-ii\">\n\t<div class=\"container\">\n\t\t<div class=\"row flex align-i-center\">\n\t\t\t<div class=\"cl-6\">\n\t\t\t\t<h4 class=\"mb-1 animation-element slide-left\">CONTACT US<\/h4>\n\t\t\t\t<h1 class=\"mb-3 animation-element slide-left\">TAMIMI CONSULTING HEADQUARTER <\/h1>\n\t\t\t\t<div class=\"contact-inner\">\n\t\t\t\t\t<div class=\"address mb-1 animation-element slide-left\">\n\t\t\t\t\t\tOffice No: 1001, Reef Tower, Cluster O, Jumeirah <br \/>\r\nLakes Tower (JLT) P.O Box: 414095, Dubai, U.A.E.\t\t\t\t\t<\/div>\n\t\t\t\t\t<div class=\"email mb-1 animation-element slide-left\">\n\t\t\t\t\t\t<a href=\"mailto:operations@tamimiconsultancy.com\">operations@tamimiconsultancy.com<\/a>\n\t\t\t\t\t<\/div>\n\t\t\t\t\t<div class=\"phone animation-element slide-left\">\n\t\t\t\t\t\t+971 4 4423839\t\t\t\t\t<\/div>\n\t\t\t\t\t<div class=\"phone animation-element slide-left\">\n\t\t\t\t\t\t+971 50 4828052\t\t\t\t\t<\/div>\n\t\t\t\t\t<div class=\"phone animation-element slide-left\">\n\t\t\t\t\t\t+971 50 3034051\t\t\t\t\t<\/div>\n\t\t\t\t<\/div>\n\t\t\t\t<p class=\"m-0 mt-4 animation-element slide-left\">\n\t\t\t\t\t<a href=\"https:\/\/goo.gl\/maps\/hpofp9VjeX3gDqWC7\" class=\"button\">Get Directions<\/a>\n\t\t\t\t<\/p>\n\t\t\t<\/div>\n\t\t\t<div class=\"cl-6 pr tamimi-shape-i\">\n\t\t\t\t<img decoding=\"async\" src=\"http:\/\/www.tamimiconsultancy.com\/development\/wp-content\/uploads\/2023\/08\/contact-gorsel.webp\" class=\"w-100 br-top-right-xl animation-element slide-right\" alt=\"\" \/>\n\t\t\t<\/div>\n\t\t<\/div>\n\t<\/div>\n<\/section>\n\n\n<script>\n    $(document).ready(function() {\n        function setEqualHeight(selector) {\n            var maxHeight = 0;\n            $(selector).each(function() {\n                var height = $(this).height();\n                if (height > maxHeight) {\n                    maxHeight = height;\n                }\n            });\n            $(selector).height(maxHeight);\n        }\n        setEqualHeight('.office-listing .address');\n    });\n<\/script>\n\n\n\n\n<section class=\"mt-7 tamimi-shape-iii tamimi-shape-ii contact-page-content pr circle-bg\">\n\t<div class=\"container\">\n\t\t\t\t<div class=\"row flex\">\n\t\t\t<div class=\"cl-12\">\n\t\t\t\t<h4 class=\"animation-element slide-left\">OUR BRANCHES<\/h4>\n\t\t\t<\/div>\n\t\t<\/div>\n\t\t\t\t<div class=\"row flex mt-2 office-listing\">\n\t\t\t\t\t\t\t<div class=\"cl-4\">\n\t\t\t\t\t<div class=\"office-item animation-element slide-bottom\">\n\t\t\t\t\t\t<div class=\"post-image mb-1\">\n\t\t\t\t\t\t\t<img decoding=\"async\" src=\"http:\/\/www.tamimiconsultancy.com\/development\/wp-content\/uploads\/2022\/11\/MicrosoftTeams-image-5.jpg\" class=\"img-full br-top-right-lg\" alt=\"\" \/>\n\t\t\t\t\t\t<\/div>\n\t\t\t\t\t\t<div class=\"post-title mb-1\">\n\t\t\t\t\t\t\tAbu Dhabi\t\t\t\t\t\t<\/div>\n\t\t\t\t\t\t<div class=\"contact-inner\">\n\t\t\t\t\t\t\t<div class=\"address mb-1\">\n\t\t\t\t\t\t\t\tADGM, 24th Floor AI Sila Tower, \r\nOffice No: 2427, P.O.Box: 111999, \r\nAl Maryah Island, Abu Dhabi, U.A.E.\r\n\t\t\t\t\t\t\t<\/div>\n\t\t\t\t\t\t<\/div>\n\t\t\t\t\t\t<div class=\"directions\">\n\t\t\t\t\t\t\t\t\t\t\t\t\t\t<a href=\"https:\/\/goo.gl\/maps\/sDnt1QtECxK315te7\" class=\"button\">Get Directions<\/a>\n\t\t\t\t\t\t<\/div>\n\t\t\t\t\t<\/div>\n\t\t\t\t<\/div>\n\t\t\t\t\t\t\t<div class=\"cl-4\">\n\t\t\t\t\t<div class=\"office-item animation-element slide-bottom\">\n\t\t\t\t\t\t<div class=\"post-image mb-1\">\n\t\t\t\t\t\t\t<img decoding=\"async\" src=\"http:\/\/www.tamimiconsultancy.com\/development\/wp-content\/uploads\/2022\/11\/offices-sharjah.jpg\" class=\"img-full br-top-right-lg\" alt=\"\" \/>\n\t\t\t\t\t\t<\/div>\n\t\t\t\t\t\t<div class=\"post-title mb-1\">\n\t\t\t\t\t\t\tSharjah\t\t\t\t\t\t<\/div>\n\t\t\t\t\t\t<div class=\"contact-inner\">\n\t\t\t\t\t\t\t<div class=\"address mb-1\">\n\t\t\t\t\t\t\t\tSAIF Zone, Building No: Z3, Office No:56,\r\nP.O.Box: 121063, Sharjah, U.A.E.\t\t\t\t\t\t\t<\/div>\n\t\t\t\t\t\t<\/div>\n\t\t\t\t\t\t<div class=\"directions\">\n\t\t\t\t\t\t\t\t\t\t\t\t\t\t<a href=\"https:\/\/goo.gl\/maps\/7ydWQ54iRRdGViei7\" class=\"button\">Get Directions<\/a>\n\t\t\t\t\t\t<\/div>\n\t\t\t\t\t<\/div>\n\t\t\t\t<\/div>\n\t\t\t\t\t\t\t<div class=\"cl-4\">\n\t\t\t\t\t<div class=\"office-item animation-element slide-bottom\">\n\t\t\t\t\t\t<div class=\"post-image mb-1\">\n\t\t\t\t\t\t\t<img decoding=\"async\" src=\"http:\/\/www.tamimiconsultancy.com\/development\/wp-content\/uploads\/2022\/11\/offices-london.jpg\" class=\"img-full br-top-right-lg\" alt=\"\" \/>\n\t\t\t\t\t\t<\/div>\n\t\t\t\t\t\t<div class=\"post-title mb-1\">\n\t\t\t\t\t\t\tLondon\t\t\t\t\t\t<\/div>\n\t\t\t\t\t\t<div class=\"contact-inner\">\n\t\t\t\t\t\t\t<div class=\"address mb-1\">\n\t\t\t\t\t\t\t\t6th Floor, Manfield House, \r\n1 Southampton Street, London, \r\nEngland, WC2R 0LR\r\n\t\t\t\t\t\t\t<\/div>\n\t\t\t\t\t\t<\/div>\n\t\t\t\t\t\t<div class=\"directions\">\n\t\t\t\t\t\t\t\t\t\t\t\t\t\t<a href=\"https:\/\/goo.gl\/maps\/YLTxbHCjkK8RZtQz9\" class=\"button\">Get Directions<\/a>\n\t\t\t\t\t\t<\/div>\n\t\t\t\t\t<\/div>\n\t\t\t\t<\/div>\n\t\t\t\t\t\t\t<div class=\"cl-4\">\n\t\t\t\t\t<div class=\"office-item animation-element slide-bottom\">\n\t\t\t\t\t\t<div class=\"post-image mb-1\">\n\t\t\t\t\t\t\t<img decoding=\"async\" src=\"http:\/\/www.tamimiconsultancy.com\/development\/wp-content\/uploads\/2023\/07\/MicrosoftTeams-image-6.jpg\" class=\"img-full br-top-right-lg\" alt=\"\" \/>\n\t\t\t\t\t\t<\/div>\n\t\t\t\t\t\t<div class=\"post-title mb-1\">\n\t\t\t\t\t\t\tIstanbul\t\t\t\t\t\t<\/div>\n\t\t\t\t\t\t<div class=\"contact-inner\">\n\t\t\t\t\t\t\t<div class=\"address mb-1\">\n\t\t\t\t\t\t\t\tUniq B2 Blok No:4, Kat:5 \r\nOfis No: 531, P.O. Box: 34396, \r\nSar\u0131yer, \u0130stanbul, T\u00fcrkiye\t\t\t\t\t\t\t<\/div>\n\t\t\t\t\t\t<\/div>\n\t\t\t\t\t\t<div class=\"directions\">\n\t\t\t\t\t\t\t\t\t\t\t\t\t\t<a href=\"https:\/\/goo.gl\/maps\/ct1RpeiBZvfor2v57\" class=\"button\">Get Directions<\/a>\n\t\t\t\t\t\t<\/div>\n\t\t\t\t\t<\/div>\n\t\t\t\t<\/div>\n\t\t\t\t\t<\/div>\n\t<\/div>\n<\/section>\n\n\n\n\n<section class=\"contact-form-bg mt-7\" style=\"background-image: url(http:\/\/www.tamimiconsultancy.com\/development\/wp-content\/uploads\/2022\/11\/contact-form-bg.jpg);\" id=\"contact-form\">\n\t<div class=\"container\">\n\t\t<div class=\"row flex\">\n\t\t\t<div class=\"cl-6\">\n\t\t\t\t \n\t\t\t<\/div>\n\t\t\t<div class=\"cl-5 mt-5 mb-5\">\n\t\t\t\t\t\t\t\t<h4 class=\"mt-0 mb-1 animation-element slide-right\">WHAT CAN WE DO<\/h4>\n\t\t\t\t\t\t\t\t\t\t\t\t<h2 class=\"mt-0 mb-1 animation-element slide-right\">Don&#8217;t hesitate to Contact us<br \/> for additional info<\/h2>\n\t\t\t\t\t\t\t\t\t\t\t\t<div class=\"form-wrapper animation-element slide-right\">\n\t\t\t\t\t<div role=\"form\" class=\"wpcf7\" id=\"wpcf7-f118-o1\" lang=\"en-US\" dir=\"ltr\">\n<div class=\"screen-reader-response\"><p role=\"status\" aria-live=\"polite\" aria-atomic=\"true\"><\/p> <ul><\/ul><\/div>\n<form action=\"\/development\/wp-json\/wp\/v2\/pages\/18#wpcf7-f118-o1\" method=\"post\" class=\"wpcf7-form init\" novalidate=\"novalidate\" data-status=\"init\">\n<div style=\"display: none;\">\n<input type=\"hidden\" name=\"_wpcf7\" value=\"118\" \/>\n<input type=\"hidden\" name=\"_wpcf7_version\" value=\"5.6.4\" \/>\n<input type=\"hidden\" name=\"_wpcf7_locale\" value=\"en_US\" \/>\n<input type=\"hidden\" name=\"_wpcf7_unit_tag\" value=\"wpcf7-f118-o1\" \/>\n<input type=\"hidden\" name=\"_wpcf7_container_post\" value=\"0\" \/>\n<input type=\"hidden\" name=\"_wpcf7_posted_data_hash\" value=\"\" \/>\n<input type=\"hidden\" name=\"_wpcf7_recaptcha_response\" value=\"\" \/>\n<\/div>\n<div class=\"contact-form-row\"><label><span class=\"wpcf7-form-control-wrap\" data-name=\"your-name\"><input type=\"text\" name=\"your-name\" value=\"\" size=\"40\" class=\"wpcf7-form-control wpcf7-text wpcf7-validates-as-required form-element shadow-md\" aria-required=\"true\" aria-invalid=\"false\" placeholder=\"Full Name\" \/><\/span><\/label><\/div>\n<div class=\"contact-form-row\"><label><span class=\"wpcf7-form-control-wrap your-phone\"><input type=\"text\" name=\"your-phone\" value=\"\" size=\"40\" class=\"wpcf7-form-control wpcf7-text wpcf7-phonetext form-element shadow-md\" aria-invalid=\"false\" \/><input type=\"hidden\" name=\"your-phone-country-code\" class=\"wpcf7-phonetext-country-code\" \/><\/span><\/label><\/div>\n<div class=\"contact-form-row\"><label><span class=\"wpcf7-form-control-wrap\" data-name=\"your-email\"><input type=\"email\" name=\"your-email\" value=\"\" size=\"40\" class=\"wpcf7-form-control wpcf7-text wpcf7-email wpcf7-validates-as-required wpcf7-validates-as-email form-element shadow-md\" aria-required=\"true\" aria-invalid=\"false\" placeholder=\"Company E Mail\" \/><\/span><\/label><\/div>\n<div class=\"contact-form-row\"><label><span class=\"wpcf7-form-control-wrap\" data-name=\"your-message\"><textarea name=\"your-message\" cols=\"40\" rows=\"10\" class=\"wpcf7-form-control wpcf7-textarea form-element shadow-md\" aria-invalid=\"false\" placeholder=\"Your Messages\"><\/textarea><\/span><\/label><\/div>\n<div class=\"contact-form-row form-acceptence mb-2\"><span class=\"wpcf7-form-control-wrap\" data-name=\"acceptance-880\"><span class=\"wpcf7-form-control wpcf7-acceptance optional\"><span class=\"wpcf7-list-item\"><label><input type=\"checkbox\" name=\"acceptance-880\" value=\"1\" aria-invalid=\"false\" \/><span class=\"wpcf7-list-item-label\">I have read and accepted the Personal Data Protection disclosure.<\/span><\/label><\/span><\/span><\/span><\/div>\n<div class=\"contact-form-row form-acceptence mb-2\">\n\n<\/div>\n<div class=\"contact-form-row\"><input type=\"submit\" value=\"Submit\" class=\"wpcf7-form-control has-spinner wpcf7-submit button\" \/><\/div>\n<div class=\"wpcf7-response-output\" aria-hidden=\"true\"><\/div><\/form><\/div>\t\t\t\t<\/div>\n\t\t\t<\/div>\n\t\t<\/div>\n\t<\/div>\n<\/section>\n\n","protected":false},"excerpt":{"rendered":"<p>&#8230;<\/p>\n","protected":false},"author":1,"featured_media":0,"parent":0,"menu_order":0,"comment_status":"closed","ping_status":"closed","template":"","meta":{"inline_featured_image":false,"footnotes":""},"class_list":["post-18","page","type-page","status-publish","hentry"],"_links":{"self":[{"href":"http:\/\/www.tamimiconsultancy.com\/development\/wp-json\/wp\/v2\/pages\/18","targetHints":{"allow":["GET"]}}],"collection":[{"href":"http:\/\/www.tamimiconsultancy.com\/development\/wp-json\/wp\/v2\/pages"}],"about":[{"href":"http:\/\/www.tamimiconsultancy.com\/development\/wp-json\/wp\/v2\/types\/page"}],"author":[{"embeddable":true,"href":"http:\/\/www.tamimiconsultancy.com\/development\/wp-json\/wp\/v2\/users\/1"}],"replies":[{"embeddable":true,"href":"http:\/\/www.tamimiconsultancy.com\/development\/wp-json\/wp\/v2\/comments?post=18"}],"version-history":[{"count":33,"href":"http:\/\/www.tamimiconsultancy.com\/development\/wp-json\/wp\/v2\/pages\/18\/revisions"}],"predecessor-version":[{"id":1245,"href":"http:\/\/www.tamimiconsultancy.com\/development\/wp-json\/wp\/v2\/pages\/18\/revisions\/1245"}],"wp:attachment":[{"href":"http:\/\/www.tamimiconsultancy.com\/development\/wp-json\/wp\/v2\/media?parent=18"}],"curies":[{"name":"wp","href":"https:\/\/api.w.org\/{rel}","templated":true}]}}